{"id":66,"date":"2017-03-15T17:35:10","date_gmt":"2017-03-15T15:35:10","guid":{"rendered":"http:\/\/mikas.valonnopea.fi\/lomakoivulehto.fi\/web\/?page_id=66"},"modified":"2025-02-09T22:07:51","modified_gmt":"2025-02-09T20:07:51","slug":"mokit-f-ja-g","status":"publish","type":"page","link":"https:\/\/www.lomakoivulehto.fi\/pl\/mokit\/mokit-f-ja-g\/","title":{"rendered":"M\u00f6kit F &#038; G"},"content":{"rendered":"<p>[vc_row][vc_column width=&#8221;1\/6&#8243;][vc_single_image image=&#8221;1246&#8243; img_size=&#8221;150&#215;250&#8243;][\/vc_column][vc_column width=&#8221;2\/3&#8243;][vc_column_text][\/vc_column_text][vc_text_separator title=&#8221;Domki letniskowe&#8221; color=&#8221;green&#8221; style=&#8221;shadow&#8221; border_width=&#8221;2&#8243;][vc_column_text]Przytulne, dwupi\u0119trowe, ca\u0142oroczne, drewniane domki z saun\u0105 usytuowane s\u0105 na brzegu jeziora Kalmarinselk\u00e4. Obok nich przebiega trasa \u00a0sp\u0142ywu kajakowego z wodospadami do jeziora Saarij\u00e4rvi.<\/p>\n<p>Jest to doskona\u0142e miejsce dla w\u0119dkarzy, a s\u0105siedztwo lasu stwarza mo\u017cliwo\u015b\u0107 spacer\u00f3w, grzybobrania oraz zbioru owoc\u00f3w le\u015bnych .[\/vc_column_text][\/vc_column][vc_column width=&#8221;1\/6&#8243;][vc_single_image image=&#8221;1059&#8243; img_size=&#8221;150&#215;250&#8243; alignment=&#8221;right&#8221;][\/vc_column][\/vc_row][vc_row][vc_column width=&#8221;1\/2&#8243;][vc_column_text]<\/p>\n<h3><strong>Domek F \u00a0&#8222;Fuksia&#8221;<\/strong><\/h3>\n<p>[\/vc_column_text][vc_row_inner][vc_column_inner width=&#8221;1\/2&#8243;][vc_single_image image=&#8221;580&#8243; img_size=&#8221;full&#8221; alignment=&#8221;center&#8221; onclick=&#8221;custom_link&#8221; link=&#8221;https:\/\/www.lomakoivulehto.fi\/uusi\/mokki-f\/&#8221;][vc_column_text][\/vc_column_text][\/vc_column_inner][vc_column_inner width=&#8221;1\/2&#8243;][vc_column_text]Wygodny, dobrze wyposa\u017cony domek do ca\u0142orocznego u\u017cytku z saun\u0105, w cichej, \u00a0spokojnen okolicy.<\/p>\n<p>Domek o powierzchni 62 m\u00b2, \u00a0przeznaczony dla 6-ciu os\u00f3b\u00a0na dw\u00f3ch kondygnacjach. Dwa \u0142\u00f3\u017cka na parterze a cztery na g\u00f3rze.<\/p>\n<p>[\/vc_column_text][\/vc_column_inner][\/vc_row_inner][vc_column_text][\/vc_column_text][vc_btn title=&#8221;Czytaj dalej&#8221; style=&#8221;3d&#8221; color=&#8221;green&#8221; link=&#8221;url:https%3A%2F%2Fwww.lomakoivulehto.fi%2Fuusi%2Fmokki-f%2F||&#8221;][\/vc_column][vc_column width=&#8221;1\/2&#8243;][vc_column_text]<\/p>\n<h3><strong>Domek\u00a0 G \u00a0&#8221; Gloria&#8221;<\/strong><\/h3>\n<p>[\/vc_column_text][vc_row_inner][vc_column_inner width=&#8221;1\/2&#8243;][vc_single_image image=&#8221;1026&#8243; img_size=&#8221;full&#8221; alignment=&#8221;center&#8221; onclick=&#8221;custom_link&#8221; link=&#8221;https:\/\/www.lomakoivulehto.fi\/uusi\/mokki-g\/&#8221;][\/vc_column_inner][vc_column_inner width=&#8221;1\/2&#8243;][vc_column_text]Wygodny, dobrze wyposa\u017cony domek do ca\u0142orocznego u\u017cytku z saun\u0105, w cichej, \u00a0spokojnen okolicy.<\/p>\n<p>Domek o powierzchni 62 m\u00b2, \u00a0przeznaczony dla 6-ciu os\u00f3b\u00a0na dw\u00f3ch kondygnacjach. Dwa \u0142\u00f3\u017cka na parterze a cztery na g\u00f3rze.<\/p>\n<p>[\/vc_column_text][\/vc_column_inner][\/vc_row_inner][vc_icon icon_fontawesome=&#8221;fa fa-heart&#8221; color=&#8221;green&#8221;][vc_btn title=&#8221;Czytaj dalej&#8221; style=&#8221;3d&#8221; color=&#8221;green&#8221; link=&#8221;url:https%3A%2F%2Fwww.lomakoivulehto.fi%2Fuusi%2Fmokki-g%2F||&#8221;][\/vc_column][\/vc_row]<\/p>","protected":false},"excerpt":{"rendered":"<p>[vc_row][vc_column width=&#8221;1\/6&#8243;][vc_single_image image=&#8221;1246&#8243; img_size=&#8221;150&#215;250&#8243;][\/vc_column][vc_column width=&#8221;2\/3&#8243;][vc_column_text][\/vc_column_text][vc_text_separator title=&#8221;Domki letniskowe&#8221; color=&#8221;green&#8221; style=&#8221;shadow&#8221; border_width=&#8221;2&#8243;][vc_column_text]Przytulne, dwupi\u0119trowe, ca\u0142oroczne, drewniane domki z saun\u0105 usytuowane s\u0105 na brzegu jeziora Kalmarinselk\u00e4. Obok nich przebiega&hellip;<\/p>\n","protected":false},"author":2,"featured_media":0,"parent":18,"menu_order":4,"comment_status":"closed","ping_status":"closed","template":"","meta":{"footnotes":""},"class_list":["post-66","page","type-page","status-publish","hentry"],"_links":{"self":[{"href":"https:\/\/www.lomakoivulehto.fi\/pl\/wp-json\/wp\/v2\/pages\/66","targetHints":{"allow":["GET"]}}],"collection":[{"href":"https:\/\/www.lomakoivulehto.fi\/pl\/wp-json\/wp\/v2\/pages"}],"about":[{"href":"https:\/\/www.lomakoivulehto.fi\/pl\/wp-json\/wp\/v2\/types\/page"}],"author":[{"embeddable":true,"href":"https:\/\/www.lomakoivulehto.fi\/pl\/wp-json\/wp\/v2\/users\/2"}],"replies":[{"embeddable":true,"href":"https:\/\/www.lomakoivulehto.fi\/pl\/wp-json\/wp\/v2\/comments?post=66"}],"version-history":[{"count":29,"href":"https:\/\/www.lomakoivulehto.fi\/pl\/wp-json\/wp\/v2\/pages\/66\/revisions"}],"predecessor-version":[{"id":13913,"href":"https:\/\/www.lomakoivulehto.fi\/pl\/wp-json\/wp\/v2\/pages\/66\/revisions\/13913"}],"up":[{"embeddable":true,"href":"https:\/\/www.lomakoivulehto.fi\/pl\/wp-json\/wp\/v2\/pages\/18"}],"wp:attachment":[{"href":"https:\/\/www.lomakoivulehto.fi\/pl\/wp-json\/wp\/v2\/media?parent=66"}],"curies":[{"name":"wp","href":"https:\/\/api.w.org\/{rel}","templated":true}]}}