{"id":62,"date":"2017-03-15T17:34:35","date_gmt":"2017-03-15T15:34:35","guid":{"rendered":"http:\/\/mikas.valonnopea.fi\/lomakoivulehto.fi\/web\/?page_id=62"},"modified":"2025-02-09T22:02:40","modified_gmt":"2025-02-09T20:02:40","slug":"mokit-c-ja-d","status":"publish","type":"page","link":"https:\/\/www.lomakoivulehto.fi\/pl\/mokit\/mokit-c-ja-d\/","title":{"rendered":"M\u00f6kki C &#038; D"},"content":{"rendered":"<p>[vc_row][vc_column width=&#8221;1\/6&#8243;][vc_single_image image=&#8221;925&#8243; img_size=&#8221;150&#215;250&#8243; alignment=&#8221;center&#8221;][\/vc_column][vc_column width=&#8221;2\/3&#8243;][vc_row_inner][vc_column_inner][vc_column_text][\/vc_column_text][\/vc_column_inner][\/vc_row_inner][vc_row_inner][vc_column_inner][vc_text_separator title=&#8221;DOMKI LETNISKOWE&#8221; color=&#8221;green&#8221; style=&#8221;shadow&#8221;][\/vc_column_inner][\/vc_row_inner][vc_column_text]<strong>Komfortowe <\/strong><strong>domki<\/strong><strong> wypoczynkowe\u00a0 s\u0105 idealne dla rodzin z dzie\u0107mi, przyjaci\u00f3\u0142, spotka\u0144 firmowych, rodzinnych oraz dla tych kt\u00f3rzy chc\u0105 odpocz\u0105\u0107 wygodnie w du\u017cym domu w ciszy, na \u0142onie przyrody, z dala od <\/strong><strong>miejskiego <\/strong><strong>zgie\u0142ku .<\/strong><\/p>\n<p><strong>Nad brzegiem jeziora Iso- L\u00f6yt\u00e4n\u00e4, 15 km od Saarij\u00e4rvi w \u015arodkowej Finlandii.<\/strong>[\/vc_column_text][\/vc_column][vc_column width=&#8221;1\/6&#8243;][vc_single_image image=&#8221;1214&#8243; img_size=&#8221;150&#215;250&#8243; alignment=&#8221;right&#8221;][\/vc_column][\/vc_row][vc_row][vc_column width=&#8221;1\/2&#8243;][vc_column_text]<\/p>\n<h3><strong>Domek \u00a0\u00a0C \u00a0&#8222;Cirrus&#8221;<\/strong><\/h3>\n<p>[\/vc_column_text][vc_row_inner][vc_column_inner width=&#8221;1\/2&#8243;][vc_single_image image=&#8221;446&#8243; img_size=&#8221;full&#8221; alignment=&#8221;center&#8221; onclick=&#8221;custom_link&#8221; link=&#8221;https:\/\/www.lomakoivulehto.fi\/uusi\/mokki-c\/&#8221;][\/vc_column_inner][vc_column_inner el_class=&#8221;Viihtyis\u00e4, hyv\u00e4tasoinen huvila ymp\u00e4rivuotiseen k\u00e4ytt\u00f6\u00f6n rauhallisella alueella. Alakerta 104 m\u00b2, yl\u00e4kerta 36 m\u00b2&#8221; width=&#8221;1\/2&#8243;][vc_column_text]<strong>Wygodny, dobrze wyposa\u017cony domek wypoczynkowy do ca\u0142orocznego u\u017cytku, w cichej, \u00a0spokojnen okolicy. <\/strong><\/p>\n<p><strong>Parter\u00a0100 m\u00b2, \u00a0pi\u0119tro\u00a040\u00a0m\u00b2<\/strong>[\/vc_column_text][\/vc_column_inner][\/vc_row_inner][vc_btn title=&#8221;Czytaj wi\u0119cej&#8221; style=&#8221;3d&#8221; color=&#8221;green&#8221; link=&#8221;url:https%3A%2F%2Fwww.lomakoivulehto.fi%2Fuusi%2Fmokki-c%2F||&#8221;][\/vc_column][vc_column width=&#8221;1\/2&#8243;][vc_column_text]<\/p>\n<h3><strong>Domek \u00a0\u00a0D \u00a0&#8222;Daalia&#8221;<\/strong><\/h3>\n<p>[\/vc_column_text][vc_row_inner][vc_column_inner width=&#8221;1\/2&#8243;][vc_single_image image=&#8221;520&#8243; img_size=&#8221;full&#8221; alignment=&#8221;center&#8221; onclick=&#8221;custom_link&#8221; link=&#8221;https:\/\/www.lomakoivulehto.fi\/uusi\/mokki-d\/&#8221;][\/vc_column_inner][vc_column_inner width=&#8221;1\/2&#8243;][vc_column_text]<strong>Wygodny, dobrze wyposa\u017cony domek do ca\u0142orocznego u\u017cytku, w cichej, \u00a0spokojnen okolicy, w otoczeniu lasu.<\/strong><\/p>\n<p><strong>Parter\u00a0100 m\u00b2, \u00a0pi\u0119tro\u00a040\u00a0m\u00b2<\/strong>[\/vc_column_text][\/vc_column_inner][\/vc_row_inner][vc_btn title=&#8221;Czytaj wi\u0119cej&#8221; style=&#8221;3d&#8221; color=&#8221;green&#8221; link=&#8221;url:https%3A%2F%2Fwww.lomakoivulehto.fi%2Fuusi%2Fmokki-d%2F||&#8221;][\/vc_column][\/vc_row]<\/p>","protected":false},"excerpt":{"rendered":"<p>[vc_row][vc_column width=&#8221;1\/6&#8243;][vc_single_image image=&#8221;925&#8243; img_size=&#8221;150&#215;250&#8243; alignment=&#8221;center&#8221;][\/vc_column][vc_column width=&#8221;2\/3&#8243;][vc_row_inner][vc_column_inner][vc_column_text][\/vc_column_text][\/vc_column_inner][\/vc_row_inner][vc_row_inner][vc_column_inner][vc_text_separator title=&#8221;DOMKI LETNISKOWE&#8221; color=&#8221;green&#8221; style=&#8221;shadow&#8221;][\/vc_column_inner][\/vc_row_inner][vc_column_text]Komfortowe domki wypoczynkowe\u00a0 s\u0105 idealne dla rodzin z dzie\u0107mi, przyjaci\u00f3\u0142, spotka\u0144 firmowych, rodzinnych oraz dla tych&hellip;<\/p>\n","protected":false},"author":2,"featured_media":0,"parent":18,"menu_order":2,"comment_status":"closed","ping_status":"closed","template":"","meta":{"footnotes":""},"class_list":["post-62","page","type-page","status-publish","hentry"],"_links":{"self":[{"href":"https:\/\/www.lomakoivulehto.fi\/pl\/wp-json\/wp\/v2\/pages\/62","targetHints":{"allow":["GET"]}}],"collection":[{"href":"https:\/\/www.lomakoivulehto.fi\/pl\/wp-json\/wp\/v2\/pages"}],"about":[{"href":"https:\/\/www.lomakoivulehto.fi\/pl\/wp-json\/wp\/v2\/types\/page"}],"author":[{"embeddable":true,"href":"https:\/\/www.lomakoivulehto.fi\/pl\/wp-json\/wp\/v2\/users\/2"}],"replies":[{"embeddable":true,"href":"https:\/\/www.lomakoivulehto.fi\/pl\/wp-json\/wp\/v2\/comments?post=62"}],"version-history":[{"count":22,"href":"https:\/\/www.lomakoivulehto.fi\/pl\/wp-json\/wp\/v2\/pages\/62\/revisions"}],"predecessor-version":[{"id":13912,"href":"https:\/\/www.lomakoivulehto.fi\/pl\/wp-json\/wp\/v2\/pages\/62\/revisions\/13912"}],"up":[{"embeddable":true,"href":"https:\/\/www.lomakoivulehto.fi\/pl\/wp-json\/wp\/v2\/pages\/18"}],"wp:attachment":[{"href":"https:\/\/www.lomakoivulehto.fi\/pl\/wp-json\/wp\/v2\/media?parent=62"}],"curies":[{"name":"wp","href":"https:\/\/api.w.org\/{rel}","templated":true}]}}