{"id":4,"date":"2012-06-05T10:55:33","date_gmt":"2012-06-05T07:55:33","guid":{"rendered":"http:\/\/mikas.valonnopea.fi\/lomakoivulehto.fi\/web\/?page_id=4"},"modified":"2025-02-18T15:47:36","modified_gmt":"2025-02-18T13:47:36","slug":"tervetuloa","status":"publish","type":"page","link":"https:\/\/www.lomakoivulehto.fi\/pl\/","title":{"rendered":"Witamy!"},"content":{"rendered":"<p>[vc_row][vc_column][vc_single_image image=&#8221;236&#8243; img_size=&#8221;full&#8221; alignment=&#8221;center&#8221;][vc_column_text]<\/p>\n<h2><strong>Witamy!<\/strong><\/h2>\n<p>&nbsp;<\/p>\n<p><strong>Chcecie sp\u0119dzi\u0107 Pa\u0144stwo urlop w otoczeniu pi\u0119knej, czystej przyrody w \u1e60rodkowej Finlandii?<\/strong><\/p>\n<p>&nbsp;<\/p>\n<p>Zapraszamy do naszych domk\u00f3w\u00a0wypoczynkowych.<\/p>\n<p>Domki s\u0105 zlokalizowane nad jeziorem Iso-L\u00f6yt\u00e4n\u00e4, 15 km od \u00a0SAARIJ\u00c4RVI, \u00a0a 80 km od JYV\u00c4SKYL\u00c4.<\/p>\n<p>LOMAKOIVULEHTO\u00a0oferuje Pa\u0144stwu <strong>noclegi w<\/strong> <strong>ca\u0142orocznych drewnianych domkach letniskowych<\/strong>\u00a0z kominkiem o wysokim standarcie.<\/p>\n<p>Do Pa\u0144stwa wyboru posiadamy domki wypoczynkowe<strong> z saun\u0105,\u00a0<\/strong>zlokalizowane tu\u017c nad brzegiem jeziora dla 6-ciu, 8-miu lub 12-tu os\u00f3b.<\/p>\n<p>Wszystkie domki posiadaj\u0105 w\u0142asny dost\u0119p do jeziora i k\u0105pielisko, ka\u017cdy posiada \u0142\u00f3dk\u0119 wios\u0142ow\u0105, \u00a0grill oraz podstawowy sprz\u0119d w\u0119dkarski\u00a0(pozwolenia na w\u0119dkowanie\u00a0do nabycia na miejscu).<\/p>\n<p>Dwa z naszych domk\u00f3w znajduj\u0105 si\u0119 <strong>na trasie sp\u0142ywu kajakowego z wodospadami<\/strong>.<\/p>\n<p>Nasz o\u015brodek to doskona\u0142e miejsce na wypoczynek, p\u0142ywanie, opalanie, w\u0119dkarstwo, grzybobranie, spacery i w\u0119dr\u00f3wki po lesie oraz idealne mo\u017cliwo\u015bci trekkingowe oraz nordic walking.<\/p>\n<p>Naszym go\u015bciom przez ca\u0142y rok gwaruntujemy udany wypoczynek: <strong>relaks i spok\u00f3j w otoczeniu natury<\/strong>: nad samym jeziorem, cisza i spok\u00f3j, pachn\u0105cy las, czysta woda i powietrze oraz mo\u017cliwo\u015b\u0107 podgl\u0105dania licznych gatunk\u00f3w\u00a0zwierz\u0105t (\u0142osi, jeleni, sarn,\u00a0lis\u00f3w i zaj\u0105cy) oraz ptak\u00f3w (czapli, dzikich kaczek i innych ptak\u00f3w wodnych oraz \u00a0or\u0142\u00f3w, jastrz\u0119bi i s\u00f3w).<\/p>\n<p><strong>Zapraszamy do zapoznania si\u0119 z ofert\u0105 wynajmu naszych domk\u00f3w.<\/strong><\/p>\n<p>[\/vc_column_text][\/vc_column][\/vc_row][vc_row][vc_column width=&#8221;1\/2&#8243;][vc_single_image image=&#8221;1335&#8243; img_size=&#8221;full&#8221; add_caption=&#8221;yes&#8221;][vc_separator color=&#8221;green&#8221; style=&#8221;double&#8221;][\/vc_column][vc_column width=&#8221;1\/2&#8243;][vc_column_text]<\/p>\n<h4><strong>\u00a0 \u00a0 \u00a0 \u00a0 \u00a0 \u00a0 \u00a0 \u00a0TELEFONY KONTAKTOWE:<\/strong><\/h4>\n<h3><strong>\u00a0 \u00a0 \u00a0 \u00a0 \u00a0 \u00a0 \u00a0 \u00a0 \u00a0 \u00a0 +358 400 891 240 \u00a0Jari<\/strong><\/h3>\n<h3><strong>\u00a0 \u00a0 \u00a0 \u00a0 \u00a0 \u00a0 \u00a0 \u00a0 \u00a0 \u00a0 +358 40 822 8044 \u00a0Jolanta<\/strong><\/h3>\n<h3><strong>\u00a0 \u00a0 \u00a0 \u00a0 \u00a0 \u00a0 \u00a0 \u00a0 \u00a0 \u00a0 +358 40 589 8218 \u00a0Petri<\/strong><\/h3>\n<p>[\/vc_column_text][\/vc_column][\/vc_row][vc_row][vc_column width=&#8221;1\/3&#8243;][vc_single_image image=&#8221;224&#8243; img_size=&#8221;full&#8221; alignment=&#8221;center&#8221; onclick=&#8221;custom_link&#8221; link=&#8221;https:\/\/www.lomakoivulehto.fi\/uusi\/mokit\/mokit-a-ja-b\/&#8221;][\/vc_column][vc_column width=&#8221;1\/3&#8243;][vc_single_image image=&#8221;223&#8243; img_size=&#8221;full&#8221; alignment=&#8221;center&#8221; onclick=&#8221;custom_link&#8221; link=&#8221;https:\/\/www.lomakoivulehto.fi\/uusi\/mokit\/mokit-c-ja-d\/&#8221;][\/vc_column][vc_column width=&#8221;1\/3&#8243;][vc_single_image image=&#8221;222&#8243; img_size=&#8221;full&#8221; alignment=&#8221;center&#8221; onclick=&#8221;custom_link&#8221; link=&#8221;https:\/\/www.lomakoivulehto.fi\/uusi\/mokit\/mokit-f-ja-g\/&#8221;][\/vc_column][\/vc_row][vc_row][vc_column][vc_single_image image=&#8221;681&#8243; img_size=&#8221;full&#8221; alignment=&#8221;center&#8221;][vc_separator color=&#8221;green&#8221; style=&#8221;double&#8221;][\/vc_column][\/vc_row][vc_row][vc_column][\/vc_column][\/vc_row]<\/p>","protected":false},"excerpt":{"rendered":"<p>[vc_row][vc_column][vc_single_image image=&#8221;236&#8243; img_size=&#8221;full&#8221; alignment=&#8221;center&#8221;][vc_column_text] Witamy! &nbsp; Chcecie sp\u0119dzi\u0107 Pa\u0144stwo urlop w otoczeniu pi\u0119knej, czystej przyrody w \u1e60rodkowej Finlandii? &nbsp; Zapraszamy do naszych domk\u00f3w\u00a0wypoczynkowych. Domki s\u0105&hellip;<\/p>\n","protected":false},"author":4,"featured_media":0,"parent":0,"menu_order":1,"comment_status":"closed","ping_status":"open","template":"","meta":{"footnotes":""},"class_list":["post-4","page","type-page","status-publish","hentry"],"_links":{"self":[{"href":"https:\/\/www.lomakoivulehto.fi\/pl\/wp-json\/wp\/v2\/pages\/4","targetHints":{"allow":["GET"]}}],"collection":[{"href":"https:\/\/www.lomakoivulehto.fi\/pl\/wp-json\/wp\/v2\/pages"}],"about":[{"href":"https:\/\/www.lomakoivulehto.fi\/pl\/wp-json\/wp\/v2\/types\/page"}],"author":[{"embeddable":true,"href":"https:\/\/www.lomakoivulehto.fi\/pl\/wp-json\/wp\/v2\/users\/4"}],"replies":[{"embeddable":true,"href":"https:\/\/www.lomakoivulehto.fi\/pl\/wp-json\/wp\/v2\/comments?post=4"}],"version-history":[{"count":104,"href":"https:\/\/www.lomakoivulehto.fi\/pl\/wp-json\/wp\/v2\/pages\/4\/revisions"}],"predecessor-version":[{"id":13927,"href":"https:\/\/www.lomakoivulehto.fi\/pl\/wp-json\/wp\/v2\/pages\/4\/revisions\/13927"}],"wp:attachment":[{"href":"https:\/\/www.lomakoivulehto.fi\/pl\/wp-json\/wp\/v2\/media?parent=4"}],"curies":[{"name":"wp","href":"https:\/\/api.w.org\/{rel}","templated":true}]}}