{"id":39,"date":"2017-03-15T18:29:19","date_gmt":"2017-03-15T16:29:19","guid":{"rendered":"http:\/\/mikas.valonnopea.fi\/lomakoivulehto.fi\/web\/?page_id=39"},"modified":"2025-02-18T18:13:39","modified_gmt":"2025-02-18T16:13:39","slug":"harrasteet","status":"publish","type":"page","link":"https:\/\/www.lomakoivulehto.fi\/pl\/harrasteet\/","title":{"rendered":"Atrakcje"},"content":{"rendered":"<p>[vc_row 0=&#8221;&#8221;][vc_column][vc_single_image image=&#8221;236&#8243; img_size=&#8221;full&#8221; alignment=&#8221;center&#8221;][vc_row_inner][vc_column_inner width=&#8221;1\/2&#8243;][vc_column_text 0=&#8221;&#8221;]<\/p>\n<h4><\/h4>\n<h4><strong>W naszym o\u015brodku LOMAKOIVULEHTO i w pobli\u017cu jest du\u017co r\u00f3\u017cnych mo\u017cliwo\u015bci sp\u0119dzenia aktywnie urlopu.<\/strong><\/h4>\n<p>To malownicze miejsce nad jeziorem Iso L\u00f6yt\u00e4n\u00e4 w \u015arodkowej Finlandii jest znakomite do wypoczynku dla rodzin z ma\u0142ymi dzie\u0107mi i ich czworono\u017cnymi pupilami, dla zakochanych par,\u00a0 w\u0119dkarzy i sportowc\u00f3w\u00a0 a tak\u017ce tych wszystkich, kt\u00f3rzy chc\u0105 odpocz\u0105\u0107 od miejskiego ha\u0142asu, ceni\u0105 sobie cisz\u0119 oraz pragn\u0105 blisko\u015bci natury.<\/p>\n<p>Lomakoivulehto jest pi\u0119kne o ka\u017cdej porze roku: gdy tonie w jesiennych li\u015bciach,\u00a0 jest pokryte \u015bniegiem czy roz\u015bwietlone wakacyjnym s\u0142o\u0144cem.\u00a0 Zawsze jest go\u015bcinne \u2013 dla w\u0119dkarzy, grzybiarzy, spacerowicz\u00f3w i w\u0119drowc\u00f3w, dla spragnionych jeziornych i s\u0142onecznych k\u0105pieli oraz dla poszukiwaczy ciszy. To doskona\u0142e miejsce dla aktywnego wypoczynku o ka\u017cdej porze roku.<br \/>\nLatem mo\u017cna <strong>p\u0142ywa\u0107, w\u0119dkowa\u0107, p\u0142ywa\u0107 \u0142\u00f3dk\u0105 lub kajakiem, spacerowa\u0107 i w\u0119drowa\u0107 po lesie, uprawia\u0107 nordic walking<\/strong>. Mo\u017cesz te\u017c <strong>przyrz\u0105dza\u0107 posi\u0142ki na grillu<\/strong> lub te\u017c po prostu <strong>odpoczywa\u0107<\/strong> by wieczorem mie\u0107 si\u0142\u0119 uda\u0107 si\u0119 <strong>na ta\u0144ce<\/strong> na pobliski dancing w Kukonhiekka.<\/p>\n<p>Jesieni\u0105 pobliskie lasy s\u0105 pe\u0142ne grzyb\u00f3w, jag\u00f3d, poziomek,bor\u00f3wek i \u017curawin.<\/p>\n<p>Zim\u0105 \u00a0trasy do uprawiania <strong>narciarstwa biegowego<\/strong> zaczynaj\u0105 si\u0119 bezpo\u015brednio\u00a0 z tarasu domku, a na jeziorze jest od\u015bnie\u017cana ok 5-cio kilometrowa <strong>trasa \u0142y\u017cwiarska.<\/strong><\/p>\n<p>A je\u015bli chcieliby Pa\u0144stwo poje\u017adzi\u0107 na <strong>skuterze \u015bnie\u017cnym<\/strong> to do trasy jest nieca\u0142y kilometr. <strong>Narciarstwo zjazdowe i snowbord<\/strong> mo\u017cna uprawiac\u00a0 w pobliskim Saarij\u00e4rvi (Paavon rinteet).<\/p>\n<p>Nie nale\u017cy te\u017c zapomina\u0107 o mo\u017cliwo\u015bci <strong>k\u0105pieli w przer\u0119bli<\/strong> po gor\u0105cej saunie i <strong>w\u0119dkowaniu spod lodu.<\/strong><br \/>\nWiosna zaprasza na <strong>wycieczki piesze i rowerowe.<\/strong><\/p>\n<p>Przez ca\u0142y rok mo\u017cna podgl\u0105da\u0107 liczne gatunki zwierz\u0105t i ptak\u00f3w.[\/vc_column_text][\/vc_column_inner][vc_column_inner width=&#8221;1\/2&#8243;][vc_images_carousel images=&#8221;1046,1037,1042,1047,1043,1036,1064,1048,1060,1058,1065,1066,1076,1054,1057,1055,1056,1051,1052,1053,1059,1061,1063,1039,1045,1044,1040,1038,1073,1074,1062,1049,1067,1079,1068,1077,1041,1069,1070,1071,1078,1072&#8243; img_size=&#8221;350&#215;300&#8243; autoplay=&#8221;yes&#8221; hide_pagination_control=&#8221;yes&#8221; wrap=&#8221;yes&#8221;][vc_images_carousel images=&#8221;921,947,1008,978,979,985,976,977,992,993,972,1013,935,971,934,948,941,1012,1004,998,996,997,963,981,1016,967,966,1015,1020,1017,1021,1005,1019,945,999,927,933,983,1018,940,995,1007,932,994,1006,989,1003,944,946,1010,965,1002,938,936,987,949,926,988,931,1011,943,942,939,970,964,960,959,1000,1001,1014,952,950,962,951,953,955,956,954,1022,990,854&#8243; img_size=&#8221;350&#215;300&#8243; autoplay=&#8221;yes&#8221; hide_pagination_control=&#8221;yes&#8221; hide_prev_next_buttons=&#8221;yes&#8221; wrap=&#8221;yes&#8221;][vc_single_image image=&#8221;693&#8243; img_size=&#8221;300&#215;200&#8243; alignment=&#8221;center&#8221;][\/vc_column_inner][\/vc_row_inner][\/vc_column][\/vc_row][vc_row 0=&#8221;&#8221;][vc_column width=&#8221;1\/2&#8243;][\/vc_column][vc_column width=&#8221;1\/2&#8243;][vc_btn title=&#8221;Tiedustele \/ Tee varaus&#8221; style=&#8221;3d&#8221; color=&#8221;green&#8221;][\/vc_column][\/vc_row][vc_row 0=&#8221;&#8221;][vc_column 0=&#8221;&#8221;][\/vc_column][vc_column 0=&#8221;&#8221;][vc_single_image image=&#8221;689&#8243; img_size=&#8221;full&#8221; alignment=&#8221;center&#8221;][\/vc_column][\/vc_row][vc_row][vc_column][\/vc_column][\/vc_row]<\/p>","protected":false},"excerpt":{"rendered":"<p>[vc_row 0=&#8221;&#8221;][vc_column][vc_single_image image=&#8221;236&#8243; img_size=&#8221;full&#8221; alignment=&#8221;center&#8221;][vc_row_inner][vc_column_inner width=&#8221;1\/2&#8243;][vc_column_text 0=&#8221;&#8221;] W naszym o\u015brodku LOMAKOIVULEHTO i w pobli\u017cu jest du\u017co r\u00f3\u017cnych mo\u017cliwo\u015bci sp\u0119dzenia aktywnie urlopu. To malownicze miejsce nad&hellip;<\/p>\n","protected":false},"author":2,"featured_media":689,"parent":0,"menu_order":4,"comment_status":"closed","ping_status":"open","template":"","meta":{"footnotes":""},"class_list":["post-39","page","type-page","status-publish","has-post-thumbnail","hentry"],"_links":{"self":[{"href":"https:\/\/www.lomakoivulehto.fi\/pl\/wp-json\/wp\/v2\/pages\/39","targetHints":{"allow":["GET"]}}],"collection":[{"href":"https:\/\/www.lomakoivulehto.fi\/pl\/wp-json\/wp\/v2\/pages"}],"about":[{"href":"https:\/\/www.lomakoivulehto.fi\/pl\/wp-json\/wp\/v2\/types\/page"}],"author":[{"embeddable":true,"href":"https:\/\/www.lomakoivulehto.fi\/pl\/wp-json\/wp\/v2\/users\/2"}],"replies":[{"embeddable":true,"href":"https:\/\/www.lomakoivulehto.fi\/pl\/wp-json\/wp\/v2\/comments?post=39"}],"version-history":[{"count":33,"href":"https:\/\/www.lomakoivulehto.fi\/pl\/wp-json\/wp\/v2\/pages\/39\/revisions"}],"predecessor-version":[{"id":13937,"href":"https:\/\/www.lomakoivulehto.fi\/pl\/wp-json\/wp\/v2\/pages\/39\/revisions\/13937"}],"wp:featuredmedia":[{"embeddable":true,"href":"https:\/\/www.lomakoivulehto.fi\/pl\/wp-json\/wp\/v2\/media\/689"}],"wp:attachment":[{"href":"https:\/\/www.lomakoivulehto.fi\/pl\/wp-json\/wp\/v2\/media?parent=39"}],"curies":[{"name":"wp","href":"https:\/\/api.w.org\/{rel}","templated":true}]}}