{"id":13,"date":"2017-03-15T17:35:09","date_gmt":"2017-03-15T15:35:09","guid":{"rendered":"http:\/\/mikas.valonnopea.fi\/lomakoivulehto.fi\/web\/?page_id=13"},"modified":"2023-12-04T17:59:55","modified_gmt":"2023-12-04T15:59:55","slug":"mokit-a-ja-b","status":"publish","type":"page","link":"https:\/\/www.lomakoivulehto.fi\/pl\/mokit\/mokit-a-ja-b\/","title":{"rendered":"M\u00f6kki A &#038; B"},"content":{"rendered":"<p>[vc_row][vc_column width=&#8221;1\/6&#8243;][vc_single_image image=&#8221;854&#8243; img_size=&#8221;150&#215;250&#8243; alignment=&#8221;center&#8221;][vc_column_text][\/vc_column_text][\/vc_column][vc_column width=&#8221;2\/3&#8243;][vc_text_separator title=&#8221;DOMKI LETNISKOWE &#8221; color=&#8221;green&#8221; style=&#8221;shadow&#8221;][vc_column_text]<\/p>\n<p><strong>Niedaleko od Saarij\u00e4rvi nad jeziorem Iso- L\u00f6yt\u00e4n\u00e4, w pobli\u017cu trasy sp\u0142ywu kajakowego z wodospadami znajduj\u0105 si\u0119 dwa bli\u017aniacze domki o nowoczesnej architekturze.<\/strong><\/p>\n<p><strong>Miejscowy architekt Jouko Berg zaprojektowa\u0142 je tak aby skrzyd\u0142a z oknami skierowanymi \u00a0na tafl\u0119 jeziora by\u0142y jak roz\u0142o\u017cony wachlarz i w ten spos\u00f3b mog\u0142y ukaza\u0107 w najlepszy spos\u00f3b pi\u0119kno otaczaj\u0105cej przyrody.<\/strong><\/p>\n<p><strong>Domki s\u0105 o powierzchni 104 m\u00b2, \u00a0sk\u0142adaj\u0105 si\u0119 z dw\u00f3ch budynk\u00f3w pod jednym dachem, cz\u0119\u015bci g\u0142\u00f3wnej z szpialnami i salonem oraz sauny. \u00a0Ca\u0142o\u015b\u0107 posiada centralne ogrzewanie.<\/strong>[\/vc_column_text][\/vc_column][vc_column width=&#8221;1\/6&#8243;][vc_single_image image=&#8221;1284&#8243; img_size=&#8221;150&#215;250&#8243; alignment=&#8221;right&#8221;][\/vc_column][\/vc_row][vc_row][vc_column width=&#8221;1\/2&#8243;][vc_column_text]<\/p>\n<h3><strong>DOMEK \u00a0A \u00a0 &#8222;Aurinko&#8221;<\/strong><\/h3>\n<p>[\/vc_column_text][vc_single_image image=&#8221;245&#8243; img_size=&#8221;medium&#8221; onclick=&#8221;custom_link&#8221; link=&#8221;https:\/\/www.lomakoivulehto.fi\/uusi\/mokki-a\/&#8221;][vc_btn title=&#8221;Czytaj wi\u0119cej&#8221; style=&#8221;3d&#8221; color=&#8221;green&#8221; link=&#8221;url:https%3A%2F%2Fwww.lomakoivulehto.fi%2Fuusi%2Fmokki-a%2F||&#8221;][\/vc_column][vc_column width=&#8221;1\/2&#8243;][vc_column_text]<\/p>\n<h3><strong>Domek \u00a0\u00a0B \u00a0&#8222;Balladi&#8221;<\/strong><\/h3>\n<p>[\/vc_column_text][vc_row_inner][vc_column_inner][vc_single_image image=&#8221;323&#8243; img_size=&#8221;medium&#8221; onclick=&#8221;custom_link&#8221; link=&#8221;https:\/\/www.lomakoivulehto.fi\/uusi\/mokki-b\/&#8221;][\/vc_column_inner][\/vc_row_inner][vc_btn title=&#8221;Czytaj wi\u0119cej&#8221; style=&#8221;3d&#8221; color=&#8221;green&#8221; link=&#8221;url:https%3A%2F%2Fwww.lomakoivulehto.fi%2Fuusi%2Fmokki-b%2F||&#8221;][\/vc_column][\/vc_row]<\/p>","protected":false},"excerpt":{"rendered":"<p>[vc_row][vc_column width=&#8221;1\/6&#8243;][vc_single_image image=&#8221;854&#8243; img_size=&#8221;150&#215;250&#8243; alignment=&#8221;center&#8221;][vc_column_text][\/vc_column_text][\/vc_column][vc_column width=&#8221;2\/3&#8243;][vc_text_separator title=&#8221;DOMKI LETNISKOWE &#8221; color=&#8221;green&#8221; style=&#8221;shadow&#8221;][vc_column_text] Niedaleko od Saarij\u00e4rvi nad jeziorem Iso- L\u00f6yt\u00e4n\u00e4, w pobli\u017cu trasy sp\u0142ywu kajakowego z wodospadami&hellip;<\/p>\n","protected":false},"author":2,"featured_media":0,"parent":18,"menu_order":2,"comment_status":"closed","ping_status":"open","template":"","meta":{"footnotes":""},"class_list":["post-13","page","type-page","status-publish","hentry"],"_links":{"self":[{"href":"https:\/\/www.lomakoivulehto.fi\/pl\/wp-json\/wp\/v2\/pages\/13","targetHints":{"allow":["GET"]}}],"collection":[{"href":"https:\/\/www.lomakoivulehto.fi\/pl\/wp-json\/wp\/v2\/pages"}],"about":[{"href":"https:\/\/www.lomakoivulehto.fi\/pl\/wp-json\/wp\/v2\/types\/page"}],"author":[{"embeddable":true,"href":"https:\/\/www.lomakoivulehto.fi\/pl\/wp-json\/wp\/v2\/users\/2"}],"replies":[{"embeddable":true,"href":"https:\/\/www.lomakoivulehto.fi\/pl\/wp-json\/wp\/v2\/comments?post=13"}],"version-history":[{"count":60,"href":"https:\/\/www.lomakoivulehto.fi\/pl\/wp-json\/wp\/v2\/pages\/13\/revisions"}],"predecessor-version":[{"id":4948,"href":"https:\/\/www.lomakoivulehto.fi\/pl\/wp-json\/wp\/v2\/pages\/13\/revisions\/4948"}],"up":[{"embeddable":true,"href":"https:\/\/www.lomakoivulehto.fi\/pl\/wp-json\/wp\/v2\/pages\/18"}],"wp:attachment":[{"href":"https:\/\/www.lomakoivulehto.fi\/pl\/wp-json\/wp\/v2\/media?parent=13"}],"curies":[{"name":"wp","href":"https:\/\/api.w.org\/{rel}","templated":true}]}}