{"id":734,"date":"2026-02-03T18:00:25","date_gmt":"2026-02-03T16:00:25","guid":{"rendered":"https:\/\/www.lomakoivulehto.fi\/uusi\/?page_id=734"},"modified":"2026-02-03T18:31:27","modified_gmt":"2026-02-03T16:31:27","slug":"hinnasto","status":"publish","type":"page","link":"https:\/\/www.lomakoivulehto.fi\/en\/hinnasto\/","title":{"rendered":"Hinnasto"},"content":{"rendered":"<p>[vc_row][vc_column][vc_column_text]<\/p>\n<h2><span style=\"color: #000000;\"><strong>Hinnasto<\/strong><\/span><\/h2>\n<table style=\"height: 727px;\" width=\"627\">\n<tbody>\n<tr>\n<td width=\"151\">\n<h3><strong>\u00a0<\/strong><\/h3>\n<h6><strong>Vuokrat<\/strong><\/h6>\n<\/td>\n<td width=\"180\">\n<h6><strong>Huvilat<\/strong><strong>\u00a0<\/strong><\/h6>\n<h6><strong><span style=\"color: #000000;\">Aurinko ja Balladi<\/span><\/strong><\/h6>\n<h6><img loading=\"lazy\" decoding=\"async\" class=\"alignnone wp-image-1030\" src=\"https:\/\/www.lomakoivulehto.fi\/uusi\/wp-content\/uploads\/2017\/04\/m\u00f6kki-B-iso-keski-300x200.gif\" alt=\"m\u00f6kki B iso keski\" width=\"167\" height=\"111\" \/><\/h6>\n<\/td>\n<td width=\"170\">\n<h6><strong>Huvilat<\/strong><strong>\u00a0<\/strong><\/h6>\n<h6><strong><span style=\"color: #000000;\">Cirrus ja Daalia<\/span><\/strong><\/h6>\n<h6><strong><span style=\"color: #000000;\"><img loading=\"lazy\" decoding=\"async\" class=\"alignnone wp-image-1029\" src=\"https:\/\/www.lomakoivulehto.fi\/uusi\/wp-content\/uploads\/2017\/04\/DSC00973-2-300x225.jpg\" alt=\"DSC00973 (2)\" width=\"150\" height=\"113\" srcset=\"https:\/\/www.lomakoivulehto.fi\/wp-content\/uploads\/2017\/04\/DSC00973-2-300x225.jpg 300w, https:\/\/www.lomakoivulehto.fi\/wp-content\/uploads\/2017\/04\/DSC00973-2-768x576.jpg 768w, https:\/\/www.lomakoivulehto.fi\/wp-content\/uploads\/2017\/04\/DSC00973-2.jpg 800w\" sizes=\"auto, (max-width: 150px) 100vw, 150px\" \/><\/span><\/strong><\/h6>\n<\/td>\n<td width=\"141\">\n<h6 style=\"text-align: left;\"><strong>M\u00f6kki <\/strong><strong><span style=\"color: #000000;\">\u00a0 \u00a0 \u00a0 <\/span><\/strong><\/h6>\n<h6 style=\"text-align: left;\"><strong><span style=\"color: #000000;\">Gloria \u00a0 \u00a0 \u00a0 \u00a0 \u00a0 \u00a0 \u00a0 \u00a0<\/span><\/strong><\/h6>\n<h6 style=\"text-align: left;\"><strong><span style=\"color: #000000;\"><img loading=\"lazy\" decoding=\"async\" class=\"wp-image-1025 alignnone\" src=\"https:\/\/www.lomakoivulehto.fi\/uusi\/wp-content\/uploads\/2017\/04\/DSCN9525-300x225.jpg\" alt=\"DSCN9525\" width=\"150\" height=\"113\" srcset=\"https:\/\/www.lomakoivulehto.fi\/wp-content\/uploads\/2017\/04\/DSCN9525-300x225.jpg 300w, https:\/\/www.lomakoivulehto.fi\/wp-content\/uploads\/2017\/04\/DSCN9525-768x576.jpg 768w, https:\/\/www.lomakoivulehto.fi\/wp-content\/uploads\/2017\/04\/DSCN9525.jpg 800w\" sizes=\"auto, (max-width: 150px) 100vw, 150px\" \/><\/span><\/strong><\/h6>\n<\/td>\n<\/tr>\n<tr>\n<td width=\"151\"><\/td>\n<td width=\"141\"><\/td>\n<\/tr>\n<tr>\n<td width=\"151\">\n<h6><span style=\"color: #000000;\"><strong>Sesonkiaika*<\/strong><\/span><\/h6>\n<\/td>\n<td width=\"180\">\n<h6 style=\"text-align: center;\"><strong>755 \u20ac\/vko<\/strong><\/h6>\n<\/td>\n<td width=\"170\">\n<h6 style=\"text-align: center;\"><strong>875 \u20ac\/vko<\/strong><\/h6>\n<\/td>\n<td width=\"141\">\n<h6 style=\"text-align: center;\"><strong>655 \u20ac\/vko<\/strong><\/h6>\n<\/td>\n<\/tr>\n<tr>\n<td width=\"151\">\n<h6><span style=\"color: #000000;\"><strong>Muu aika<\/strong><\/span><\/h6>\n<\/td>\n<td width=\"180\">\n<h6 style=\"text-align: center;\"><strong>705 \u20ac\/vko<\/strong><\/h6>\n<\/td>\n<td style=\"text-align: center;\" width=\"170\">\n<h6><strong>\u00a0 \u00a0 825 \u20ac\/vko<\/strong><\/h6>\n<\/td>\n<td width=\"141\">\n<h6 style=\"text-align: center;\"><strong>580 \u20ac\/vko<\/strong><\/h6>\n<\/td>\n<\/tr>\n<tr>\n<td width=\"151\">\n<h6><span style=\"color: #000000;\"><strong>Viikonloppu**<\/strong><\/span><\/h6>\n<\/td>\n<td width=\"180\">\n<h6 style=\"text-align: center;\"><strong>250 \u20ac<\/strong><\/h6>\n<\/td>\n<td style=\"text-align: center;\" width=\"170\">\n<h6><strong>\u00a0 \u00a0 \u00a0320 \u20ac<\/strong><\/h6>\n<\/td>\n<td width=\"141\">\n<h6 style=\"text-align: center;\"><strong>200\u20ac<\/strong><\/h6>\n<\/td>\n<\/tr>\n<tr>\n<td width=\"151\">\n<h6><span style=\"color: #000000;\"><strong>Vuorokausi**<\/strong><\/span><\/h6>\n<\/td>\n<td width=\"180\">\n<h6 style=\"text-align: center;\"><strong>180 \u20ac<\/strong><\/h6>\n<\/td>\n<td style=\"text-align: center;\" width=\"170\">\n<h6><strong>\u00a0 \u00a0 \u00a0250\u00a0\u20ac<\/strong><\/h6>\n<\/td>\n<td width=\"141\">\n<h6 style=\"text-align: center;\"><strong>120 \u20ac<\/strong><\/h6>\n<\/td>\n<\/tr>\n<tr>\n<td width=\"151\"><\/td>\n<td width=\"141\"><\/td>\n<\/tr>\n<tr>\n<td width=\"151\">\n<h6><span style=\"color: #000000;\"><strong>P\u00e4\u00e4si\u00e4inen<\/strong><\/span><\/h6>\n<h6><span style=\"color: #000000;\"><strong>TO &#8211;\u00a0MA<\/strong><\/span><\/h6>\n<\/td>\n<td width=\"180\">\n<h6 style=\"text-align: center;\"><strong>350 \u20ac<\/strong><\/h6>\n<\/td>\n<td width=\"170\">\n<h6 style=\"text-align: center;\"><strong>450 \u20ac<\/strong><\/h6>\n<\/td>\n<td width=\"141\">\n<h6 style=\"text-align: center;\"><strong>300 \u20ac<\/strong><\/h6>\n<\/td>\n<\/tr>\n<tr>\n<td width=\"151\"><\/td>\n<td width=\"141\"><\/td>\n<\/tr>\n<tr>\n<td width=\"151\">\n<h6><span style=\"color: #000000;\"><strong>Loppusiivous<\/strong><\/span><\/h6>\n<\/td>\n<td width=\"180\">\n<h6 style=\"text-align: center;\"><strong>80 \u20ac<\/strong><\/h6>\n<\/td>\n<td style=\"text-align: center;\" width=\"170\">\n<h6><strong>\u00a0 \u00a0 \u00a0 \u00a0 \u00a080 \u20ac<\/strong><\/h6>\n<\/td>\n<td style=\"text-align: center;\" width=\"141\">\n<h6><strong>\u00a0 \u00a0 \u00a050 \u20ac<\/strong><\/h6>\n<\/td>\n<\/tr>\n<\/tbody>\n<\/table>\n<p>&nbsp;<\/p>\n<p>&nbsp;<\/p>\n<p><strong>\u00a0<\/strong><\/p>\n<h2><span style=\"color: #000000;\"><strong>*Sesonkiajat:\u00a0 <\/strong><\/span><\/h2>\n<ul>\n<li>\n<h6><strong>Kes\u00e4loma \u00a0 \u00a01. 06. \u2013 6. 09. 2020<\/strong><\/h6>\n<\/li>\n<li>\n<h6><strong>syysloma \u00a0 \u00a0 12. 10. \u2013 25. 10. 2020 (viikot 42, 43)<\/strong><\/h6>\n<\/li>\n<li>\n<h6><strong>Joulu\u00a0<\/strong><strong>ja Uusivuosi\u00a0 \u00a0 23. 12. 2020 \u2013 7. 01. 2021<\/strong><\/h6>\n<\/li>\n<li>\n<h6><strong>Talviloma\u00a0 \u00a0 22. 02. 2018 \u2013 14. 03. 2021 (viikot 8, 9, 10)<\/strong><\/h6>\n<h5><\/h5>\n<\/li>\n<li>\n<h6><strong><span style=\"text-decoration: underline; color: #000000;\">**Sesongin aikana\u00a0vuokramme koko viikoksi, mutta voit tiedustela<\/span>\u00a0viikonlopun \/ vuorokauden vuokrausta<\/strong><\/h6>\n<\/li>\n<\/ul>\n<p><strong>\u00a0<\/strong><\/p>\n<h2><span style=\"color: #000000;\"><strong>Muut hinnat:<\/strong><\/span><\/h2>\n<ul>\n<li>\n<h6><strong>Liinavaatteet: \u00a0 \u00a0 \u00a0 \u00a0 \u00a0 \u00a0 \u00a0 \u00a015\u20ac\/hl\u00f6\/ vko \u00a0 \u00a0<\/strong><\/h6>\n<h6><strong>(sis. 2 pyyhett\u00e4, tyynyliina, alus- ja pussilakana)<\/strong><\/h6>\n<\/li>\n<li>\n<h6><strong>S\u00e4hk\u00f6per\u00e4moottori \u00a0 \u00a0 \u00a0 \u00a0 \u00a030\u20ac\/ vkl,\u00a0\u00a0 70\u20ac\/ vko<\/strong><\/h6>\n<\/li>\n<li>\n<h6><strong>Pitolis\u00e4 (jos halua j\u00e4rjest\u00e4\u00e4 juhlat) \u00a0 \u00a0 \u00a0100\u20ac \u00a0 \u00a0 \u00a0\u00a0<\/strong><\/h6>\n<\/li>\n<li>\n<h6><strong>Lastens\u00e4nky ja sy\u00f6tt\u00f6tuoli varattavissa veloituksetta<\/strong><\/h6>\n<\/li>\n<li>\n<h6><strong>Veneturvaliivit varattavissa veloituksetta<\/strong><\/h6>\n<h4><\/h4>\n<\/li>\n<li>\n<h4><span style=\"color: #000000;\"><strong>Haluatko varata vuokrahuvilan lomallesi tai yrityksellesi?<\/strong><\/span><\/h4>\n<\/li>\n<\/ul>\n<h4><span style=\"color: #ff6600;\"><strong>Ota meihin yhteytt\u00e4<\/strong> <strong>ja tee varaus!<\/strong><\/span><\/h4>\n<p>[\/vc_column_text][\/vc_column][\/vc_row][vc_row][vc_column width=&#8221;1\/3&#8243;][\/vc_column][vc_column width=&#8221;1\/3&#8243;][vc_btn title=&#8221;Ota meihin yhteytt\u00e4 ja tee varaus!&#8221; style=&#8221;3d&#8221; color=&#8221;success&#8221; link=&#8221;url:https%3A%2F%2Fwww.lomakoivulehto.fi%2Fuusi%2Fota-yhteytta%2F||&#8221;][\/vc_column][vc_column width=&#8221;1\/3&#8243;][\/vc_column][\/vc_row]<\/p>","protected":false},"excerpt":{"rendered":"<p>[vc_row][vc_column][vc_column_text] Hinnasto \u00a0 Vuokrat Huvilat\u00a0 Aurinko ja Balladi Huvilat\u00a0 Cirrus ja Daalia M\u00f6kki \u00a0 \u00a0 \u00a0 Gloria \u00a0 \u00a0 \u00a0 \u00a0 \u00a0 \u00a0 \u00a0 \u00a0&hellip;<\/p>\n","protected":false},"author":3,"featured_media":0,"parent":0,"menu_order":0,"comment_status":"closed","ping_status":"closed","template":"","meta":{"footnotes":""},"class_list":["post-734","page","type-page","status-publish","hentry"],"_links":{"self":[{"href":"https:\/\/www.lomakoivulehto.fi\/en\/wp-json\/wp\/v2\/pages\/734","targetHints":{"allow":["GET"]}}],"collection":[{"href":"https:\/\/www.lomakoivulehto.fi\/en\/wp-json\/wp\/v2\/pages"}],"about":[{"href":"https:\/\/www.lomakoivulehto.fi\/en\/wp-json\/wp\/v2\/types\/page"}],"author":[{"embeddable":true,"href":"https:\/\/www.lomakoivulehto.fi\/en\/wp-json\/wp\/v2\/users\/3"}],"replies":[{"embeddable":true,"href":"https:\/\/www.lomakoivulehto.fi\/en\/wp-json\/wp\/v2\/comments?post=734"}],"version-history":[{"count":102,"href":"https:\/\/www.lomakoivulehto.fi\/en\/wp-json\/wp\/v2\/pages\/734\/revisions"}],"predecessor-version":[{"id":21834,"href":"https:\/\/www.lomakoivulehto.fi\/en\/wp-json\/wp\/v2\/pages\/734\/revisions\/21834"}],"wp:attachment":[{"href":"https:\/\/www.lomakoivulehto.fi\/en\/wp-json\/wp\/v2\/media?parent=734"}],"curies":[{"name":"wp","href":"https:\/\/api.w.org\/{rel}","templated":true}]}}