{"id":62,"date":"2017-03-15T17:34:35","date_gmt":"2017-03-15T15:34:35","guid":{"rendered":"http:\/\/mikas.valonnopea.fi\/lomakoivulehto.fi\/web\/?page_id=62"},"modified":"2025-02-09T22:02:40","modified_gmt":"2025-02-09T20:02:40","slug":"mokit-c-ja-d","status":"publish","type":"page","link":"https:\/\/www.lomakoivulehto.fi\/en\/mokit\/mokit-c-ja-d\/","title":{"rendered":"M\u00f6kki C &#038; D"},"content":{"rendered":"<p>[vc_row][vc_column width=&#8221;1\/2&#8243;][vc_column_text]<\/p>\n<h3><strong>M\u00d6KKI\u00a0C \u00a0&#8220;Cirrus&#8221;<\/strong><\/h3>\n<p>[\/vc_column_text][vc_row_inner][vc_column_inner width=&#8221;1\/2&#8243;][vc_single_image image=&#8221;446&#8243; img_size=&#8221;full&#8221; alignment=&#8221;center&#8221; onclick=&#8221;custom_link&#8221; link=&#8221;https:\/\/www.lomakoivulehto.fi\/uusi\/mokki-c\/&#8221;][\/vc_column_inner][vc_column_inner el_class=&#8221;Viihtyis\u00e4, hyv\u00e4tasoinen huvila ymp\u00e4rivuotiseen k\u00e4ytt\u00f6\u00f6n rauhallisella alueella. Alakerta 104 m\u00b2, yl\u00e4kerta 36 m\u00b2&#8221; width=&#8221;1\/2&#8243;][vc_column_text]Viihtyis\u00e4, hyv\u00e4tasoinen huvila\u00a0ymp\u00e4rivuotiseen k\u00e4ytt\u00f6\u00f6n rauhallisella alueella<\/p>\n<p>M\u00f6kki on Iso-L\u00f6yt\u00e4n\u00e4 j\u00e4rven rannalla. Keski-Suomessa 15 km Saarij\u00e4rvelt\u00e4<\/p>\n<p>Alakerta 100 m\u00b2,\u00a0 yl\u00e4kerta 40\u00a0m\u00b2[\/vc_column_text][\/vc_column_inner][\/vc_row_inner][vc_btn title=&#8221;Lue lis\u00e4\u00e4&#8221; style=&#8221;3d&#8221; color=&#8221;green&#8221; link=&#8221;url:https%3A%2F%2Fwww.lomakoivulehto.fi%2Fuusi%2Fmokki-c%2F||&#8221;][\/vc_column][vc_column width=&#8221;1\/2&#8243;][vc_column_text]<\/p>\n<h3><strong>M\u00d6KKI\u00a0D \u00a0&#8220;Daalia&#8221;<\/strong><\/h3>\n<p>[\/vc_column_text][vc_row_inner][vc_column_inner width=&#8221;1\/2&#8243;][vc_single_image image=&#8221;520&#8243; img_size=&#8221;full&#8221; alignment=&#8221;center&#8221; onclick=&#8221;custom_link&#8221; link=&#8221;https:\/\/www.lomakoivulehto.fi\/uusi\/mokki-d\/&#8221;][\/vc_column_inner][vc_column_inner width=&#8221;1\/2&#8243;][vc_column_text]Viihtyis\u00e4, hyv\u00e4tasoinen huvila\u00a0ymp\u00e4rivuotiseen k\u00e4ytt\u00f6\u00f6n rauhallisella alueella.<\/p>\n<p>M\u00f6kki on Iso-L\u00f6yt\u00e4n\u00e4 j\u00e4rven rannalla. Keski-Suomessa 15 km Saarij\u00e4rvelt\u00e4.<\/p>\n<p>Alakerta 100 m\u00b2,\u00a0 yl\u00e4kerta 40 m\u00b2[\/vc_column_text][\/vc_column_inner][\/vc_row_inner][vc_btn title=&#8221;Lue lis\u00e4\u00e4&#8221; style=&#8221;3d&#8221; color=&#8221;green&#8221; link=&#8221;url:https%3A%2F%2Fwww.lomakoivulehto.fi%2Fuusi%2Fmokki-d%2F||&#8221;][\/vc_column][\/vc_row]<\/p>","protected":false},"excerpt":{"rendered":"<p>[vc_row][vc_column width=&#8221;1\/2&#8243;][vc_column_text] M\u00d6KKI\u00a0C \u00a0&#8220;Cirrus&#8221; [\/vc_column_text][vc_row_inner][vc_column_inner width=&#8221;1\/2&#8243;][vc_single_image image=&#8221;446&#8243; img_size=&#8221;full&#8221; alignment=&#8221;center&#8221; onclick=&#8221;custom_link&#8221; link=&#8221;https:\/\/www.lomakoivulehto.fi\/uusi\/mokki-c\/&#8221;][\/vc_column_inner][vc_column_inner el_class=&#8221;Viihtyis\u00e4, hyv\u00e4tasoinen huvila ymp\u00e4rivuotiseen k\u00e4ytt\u00f6\u00f6n rauhallisella alueella. Alakerta 104 m\u00b2, yl\u00e4kerta 36 m\u00b2&#8221; width=&#8221;1\/2&#8243;][vc_column_text]Viihtyis\u00e4,&hellip;<\/p>\n","protected":false},"author":2,"featured_media":0,"parent":18,"menu_order":2,"comment_status":"closed","ping_status":"closed","template":"","meta":{"footnotes":""},"class_list":["post-62","page","type-page","status-publish","hentry"],"_links":{"self":[{"href":"https:\/\/www.lomakoivulehto.fi\/en\/wp-json\/wp\/v2\/pages\/62","targetHints":{"allow":["GET"]}}],"collection":[{"href":"https:\/\/www.lomakoivulehto.fi\/en\/wp-json\/wp\/v2\/pages"}],"about":[{"href":"https:\/\/www.lomakoivulehto.fi\/en\/wp-json\/wp\/v2\/types\/page"}],"author":[{"embeddable":true,"href":"https:\/\/www.lomakoivulehto.fi\/en\/wp-json\/wp\/v2\/users\/2"}],"replies":[{"embeddable":true,"href":"https:\/\/www.lomakoivulehto.fi\/en\/wp-json\/wp\/v2\/comments?post=62"}],"version-history":[{"count":22,"href":"https:\/\/www.lomakoivulehto.fi\/en\/wp-json\/wp\/v2\/pages\/62\/revisions"}],"predecessor-version":[{"id":13912,"href":"https:\/\/www.lomakoivulehto.fi\/en\/wp-json\/wp\/v2\/pages\/62\/revisions\/13912"}],"up":[{"embeddable":true,"href":"https:\/\/www.lomakoivulehto.fi\/en\/wp-json\/wp\/v2\/pages\/18"}],"wp:attachment":[{"href":"https:\/\/www.lomakoivulehto.fi\/en\/wp-json\/wp\/v2\/media?parent=62"}],"curies":[{"name":"wp","href":"https:\/\/api.w.org\/{rel}","templated":true}]}}