{"id":4,"date":"2012-06-05T10:55:33","date_gmt":"2012-06-05T07:55:33","guid":{"rendered":"http:\/\/mikas.valonnopea.fi\/lomakoivulehto.fi\/web\/?page_id=4"},"modified":"2025-02-18T15:47:36","modified_gmt":"2025-02-18T13:47:36","slug":"tervetuloa","status":"publish","type":"page","link":"https:\/\/www.lomakoivulehto.fi\/en\/","title":{"rendered":"Welcome"},"content":{"rendered":"<p>[vc_row][vc_column width=&#8221;2\/3&#8243;][vc_column_text css=&#8221;.vc_custom_1701113328674{padding-right: 10px !important;padding-left: 10px !important;}&#8221;]<\/p>\n<h5 style=\"text-align: left;\"><strong><span style=\"color: #000000;\">\u00a0COTTAGE HOLIDAYS ALL YEAR ROUND !<\/span><\/strong><\/h5>\n<p>&nbsp;<\/p>\n<h5 style=\"text-align: left;\"><strong><span style=\"color: #000000;\">\u00a0ARE YOU LOOKING FOR COTTAGE IN THE CENTRAL FINLAND ?<\/span><\/strong><\/h5>\n<p>WELCOME TO OUR COTTAGES ON THE\u00a0COST\u00a0OF CLEAR WATER LAKES\u00a0 ISO- L\u00d6YT\u00c4N\u00c4 AND KALMARIN SELK\u00c4.<\/p>\n<p>LOMAKOIVULEHTO IS 15 KM FROM TOWN SAARIJ\u00c4RVI\u00a0 (80 KM FROM JYV\u00c4SKYL\u00c4 IN THE MIDDLE\u00a0 OF FINLAND)<\/p>\n<p>WE ARE OFFERING YOU ACCOMMODATION IN WELL-EQUIPPED COTTAGES.<\/p>\n<p>COTTAGES ARE\u00a0 DIFFERENT SIZE,\u00a0 FOR 6, 8 OR EVEN 12 PEOPLE WITH POSSIBLE TO ADD AN EXTRA BED.<\/p>\n<p>EVERY COTTAGES HAVE OWN SWIMMING COSTS, ROWING BOATS AND FISHING EQUIPMENTS.<\/p>\n<p>TWO OF THEM ARE LOCATED ON THE SAARIJ\u00c4RVEN CANYON AND GROPE ROUTE.[\/vc_column_text][\/vc_column][vc_column width=&#8221;1\/3&#8243;][vc_column_text css=&#8221;.vc_custom_1701115036772{padding-right: 10px !important;padding-left: 10px !important;}&#8221;]<\/p>\n<h4><strong>CONTACT US:<\/strong><\/h4>\n<h5><span style=\"color: #000000;\"><strong>Gsm. <a href=\"tel:358400891240\">+358 400 891 240<\/a> \u00a0Jari<\/strong><\/span><\/h5>\n<h5><span style=\"color: #000000;\"><strong>Gsm. <a href=\"tel:358408228044\">+358 40 822 8044<\/a> \u00a0Jolanta<\/strong><\/span><\/h5>\n<h5><span style=\"color: #000000;\"><strong>Gsm. <a href=\"tel:358405898218\">+358 40 589 8218<\/a> \u00a0 Petri<\/strong><\/span><\/h5>\n<p>[\/vc_column_text][\/vc_column][\/vc_row][vc_row][vc_column][vc_separator color=&#8221;custom&#8221; accent_color=&#8221;#9dc636&#8243;][\/vc_column][\/vc_row][vc_row][vc_column width=&#8221;1\/3&#8243;][vc_single_image image=&#8221;224&#8243; img_size=&#8221;full&#8221; alignment=&#8221;center&#8221; onclick=&#8221;custom_link&#8221; link=&#8221;https:\/\/www.lomakoivulehto.fi\/uusi\/mokit\/mokit-a-ja-b\/&#8221;][\/vc_column][vc_column width=&#8221;1\/3&#8243;][vc_single_image image=&#8221;223&#8243; img_size=&#8221;full&#8221; alignment=&#8221;center&#8221; onclick=&#8221;custom_link&#8221; link=&#8221;https:\/\/www.lomakoivulehto.fi\/uusi\/mokit\/mokit-c-ja-d\/&#8221;][\/vc_column][vc_column width=&#8221;1\/3&#8243;][vc_single_image image=&#8221;222&#8243; img_size=&#8221;full&#8221; alignment=&#8221;center&#8221; onclick=&#8221;custom_link&#8221; link=&#8221;https:\/\/www.lomakoivulehto.fi\/uusi\/mokit\/mokit-f-ja-g\/&#8221;][\/vc_column][\/vc_row][vc_row][vc_column][vc_separator color=&#8221;custom&#8221; accent_color=&#8221;#9dc636&#8243;][\/vc_column][\/vc_row]<\/p>","protected":false},"excerpt":{"rendered":"<p>[vc_row][vc_column width=&#8221;2\/3&#8243;][vc_column_text css=&#8221;.vc_custom_1701113328674{padding-right: 10px !important;padding-left: 10px !important;}&#8221;] \u00a0COTTAGE HOLIDAYS ALL YEAR ROUND ! &nbsp; \u00a0ARE YOU LOOKING FOR COTTAGE IN THE CENTRAL FINLAND ? WELCOME&hellip;<\/p>\n","protected":false},"author":4,"featured_media":0,"parent":0,"menu_order":1,"comment_status":"closed","ping_status":"open","template":"","meta":{"footnotes":""},"class_list":["post-4","page","type-page","status-publish","hentry"],"_links":{"self":[{"href":"https:\/\/www.lomakoivulehto.fi\/en\/wp-json\/wp\/v2\/pages\/4","targetHints":{"allow":["GET"]}}],"collection":[{"href":"https:\/\/www.lomakoivulehto.fi\/en\/wp-json\/wp\/v2\/pages"}],"about":[{"href":"https:\/\/www.lomakoivulehto.fi\/en\/wp-json\/wp\/v2\/types\/page"}],"author":[{"embeddable":true,"href":"https:\/\/www.lomakoivulehto.fi\/en\/wp-json\/wp\/v2\/users\/4"}],"replies":[{"embeddable":true,"href":"https:\/\/www.lomakoivulehto.fi\/en\/wp-json\/wp\/v2\/comments?post=4"}],"version-history":[{"count":104,"href":"https:\/\/www.lomakoivulehto.fi\/en\/wp-json\/wp\/v2\/pages\/4\/revisions"}],"predecessor-version":[{"id":13927,"href":"https:\/\/www.lomakoivulehto.fi\/en\/wp-json\/wp\/v2\/pages\/4\/revisions\/13927"}],"wp:attachment":[{"href":"https:\/\/www.lomakoivulehto.fi\/en\/wp-json\/wp\/v2\/media?parent=4"}],"curies":[{"name":"wp","href":"https:\/\/api.w.org\/{rel}","templated":true}]}}