{"id":13,"date":"2017-03-15T17:35:09","date_gmt":"2017-03-15T15:35:09","guid":{"rendered":"http:\/\/mikas.valonnopea.fi\/lomakoivulehto.fi\/web\/?page_id=13"},"modified":"2023-12-04T17:59:55","modified_gmt":"2023-12-04T15:59:55","slug":"mokit-a-ja-b","status":"publish","type":"page","link":"https:\/\/www.lomakoivulehto.fi\/en\/mokit\/mokit-a-ja-b\/","title":{"rendered":"M\u00f6kki A &#038; B"},"content":{"rendered":"<p>[vc_row][vc_column width=&#8221;1\/2&#8243;][vc_column_text]<\/p>\n<h3><strong>M\u00d6KKI A \u00a0 &#8220;Aurinko&#8221;<\/strong><\/h3>\n<p>[\/vc_column_text][vc_row_inner][vc_column_inner width=&#8221;1\/2&#8243;][vc_single_image image=&#8221;245&#8243; img_size=&#8221;full&#8221; alignment=&#8221;center&#8221; onclick=&#8221;custom_link&#8221; link=&#8221;https:\/\/www.lomakoivulehto.fi\/uusi\/mokki-a\/&#8221;][\/vc_column_inner][vc_column_inner width=&#8221;1\/2&#8243;][vc_column_text]Modernia arkkitehtuuria edustava huvila Iso-lL\u00f6yt\u00e4n\u00e4 j\u00e4rven rannalla\u00a0Saarij\u00e4rven koskireitin l\u00e4heisyydess\u00e4.<\/p>\n<p>Sis\u00e4tilat 104 m\u00b2. Keskusl\u00e4mmitys.<\/p>\n<p>&nbsp;<\/p>\n<p>Arkkitehti Jouko Bergin suunnittelema.[\/vc_column_text][\/vc_column_inner][\/vc_row_inner][vc_btn title=&#8221;Lue lis\u00e4\u00e4&#8221; style=&#8221;3d&#8221; color=&#8221;green&#8221; link=&#8221;url:https%3A%2F%2Fwww.lomakoivulehto.fi%2Fuusi%2Fmokki-a%2F||&#8221;][\/vc_column][vc_column width=&#8221;1\/2&#8243;][vc_column_text]<\/p>\n<h3><strong>M\u00d6KKI B \u00a0&#8220;Balladi&#8221;<\/strong><\/h3>\n<p>[\/vc_column_text][vc_row_inner][vc_column_inner width=&#8221;1\/2&#8243;][vc_single_image image=&#8221;323&#8243; img_size=&#8221;full&#8221; alignment=&#8221;center&#8221; onclick=&#8221;custom_link&#8221; link=&#8221;https:\/\/www.lomakoivulehto.fi\/uusi\/mokki-b\/&#8221;][\/vc_column_inner][vc_column_inner width=&#8221;1\/2&#8243;][vc_column_text]Modernia arkkitehtuuria edustava huvila Iso-L\u00f6yt\u00e4n\u00e4 j\u00e4rven rannalla\u00a0Saarij\u00e4rven koskireitin l\u00e4heisyydess\u00e4.<\/p>\n<p>Sis\u00e4tilat 104 m\u00b2. Keskusl\u00e4mmitys.<\/p>\n<p>&nbsp;<\/p>\n<p>Arkkitehti Jouko Bergin suunnittelema.[\/vc_column_text][\/vc_column_inner][\/vc_row_inner][vc_btn title=&#8221;Lue lis\u00e4\u00e4&#8221; style=&#8221;3d&#8221; color=&#8221;green&#8221; link=&#8221;url:https%3A%2F%2Fwww.lomakoivulehto.fi%2Fuusi%2Fmokki-b%2F||&#8221;][\/vc_column][\/vc_row]<\/p>","protected":false},"excerpt":{"rendered":"<p>[vc_row][vc_column width=&#8221;1\/2&#8243;][vc_column_text] M\u00d6KKI A \u00a0 &#8220;Aurinko&#8221; [\/vc_column_text][vc_row_inner][vc_column_inner width=&#8221;1\/2&#8243;][vc_single_image image=&#8221;245&#8243; img_size=&#8221;full&#8221; alignment=&#8221;center&#8221; onclick=&#8221;custom_link&#8221; link=&#8221;https:\/\/www.lomakoivulehto.fi\/uusi\/mokki-a\/&#8221;][\/vc_column_inner][vc_column_inner width=&#8221;1\/2&#8243;][vc_column_text]Modernia arkkitehtuuria edustava huvila Iso-lL\u00f6yt\u00e4n\u00e4 j\u00e4rven rannalla\u00a0Saarij\u00e4rven koskireitin l\u00e4heisyydess\u00e4. Sis\u00e4tilat 104 m\u00b2.&hellip;<\/p>\n","protected":false},"author":2,"featured_media":0,"parent":18,"menu_order":2,"comment_status":"closed","ping_status":"open","template":"","meta":{"footnotes":""},"class_list":["post-13","page","type-page","status-publish","hentry"],"_links":{"self":[{"href":"https:\/\/www.lomakoivulehto.fi\/en\/wp-json\/wp\/v2\/pages\/13","targetHints":{"allow":["GET"]}}],"collection":[{"href":"https:\/\/www.lomakoivulehto.fi\/en\/wp-json\/wp\/v2\/pages"}],"about":[{"href":"https:\/\/www.lomakoivulehto.fi\/en\/wp-json\/wp\/v2\/types\/page"}],"author":[{"embeddable":true,"href":"https:\/\/www.lomakoivulehto.fi\/en\/wp-json\/wp\/v2\/users\/2"}],"replies":[{"embeddable":true,"href":"https:\/\/www.lomakoivulehto.fi\/en\/wp-json\/wp\/v2\/comments?post=13"}],"version-history":[{"count":60,"href":"https:\/\/www.lomakoivulehto.fi\/en\/wp-json\/wp\/v2\/pages\/13\/revisions"}],"predecessor-version":[{"id":4948,"href":"https:\/\/www.lomakoivulehto.fi\/en\/wp-json\/wp\/v2\/pages\/13\/revisions\/4948"}],"up":[{"embeddable":true,"href":"https:\/\/www.lomakoivulehto.fi\/en\/wp-json\/wp\/v2\/pages\/18"}],"wp:attachment":[{"href":"https:\/\/www.lomakoivulehto.fi\/en\/wp-json\/wp\/v2\/media?parent=13"}],"curies":[{"name":"wp","href":"https:\/\/api.w.org\/{rel}","templated":true}]}}